{"id":17068,"date":"2026-03-16T16:21:44","date_gmt":"2026-03-16T23:21:44","guid":{"rendered":"https:\/\/mothertobaby.org\/product\/consejos-de-medicamentos\/"},"modified":"2026-03-16T16:21:44","modified_gmt":"2026-03-16T23:21:44","slug":"consejos-de-medicamentos","status":"publish","type":"product","link":"https:\/\/mothertobaby.org\/es\/product\/consejos-de-medicamentos\/","title":{"rendered":"Consejos de medicamentos"},"content":{"rendered":"<p>Esta hoja de consejos de seguridad para medicamentos, de MotherToBaby y Arizona Poison and Drug Information Center, destaca formas de evitar errores con los medicamentos, como tomar accidentalmente los medicamentos de un familiar o mascota o tomar m\u00e1s pastillas de las necesarias. Tambi\u00e9n se ofrece orientaci\u00f3n sobre el uso de suplementos durante el embarazo y la lactancia.<\/p>\n<p>Los consejos clave incluyen el almacenamiento seguro de los medicamentos, establecimiento de recordatorios, y consultaci\u00f3n con los profesionales de atenci\u00f3n de salud sobre qu\u00e9 medicamentos y suplementos pueden tomarse durante el embarazo o la lactancia materna, especialmente porque los productos herbales y los suplementos diet\u00e9ticos no est\u00e1n regulados por la FDA de la misma manera que los medicamentos. Seguir estos consejos de seguridad puede ayudar a reducir errores con los medicamentos y mejorar la salud y seguridad general.<\/p>\n<p>Si tiene preguntas sobre medicamentos o suplementos espec\u00edficos durante el embarazo o durante la lactancia, por favor contacte con MotherToBaby para hablar sobre beneficios y riesgos.<\/p>\n<div class=\"wp-block-button\"><a class=\"wp-block-button__link wp-element-button\" href=\"\/wp-content\/uploads\/2025\/02\/MTB-Branded-2_3_Full-Page-Medication-Safety-Tips-Infographic.pdf\" target=\"_blank\" rel=\"noreferrer noopener\">Descargar versi\u00f3n en ingl\u00e9s<\/a><\/div>\n<div class=\"wp-block-button\"><a class=\"wp-block-button__link wp-element-button\" href=\"\/wp-content\/uploads\/2025\/06\/2_3_Spanish_Full-Page-Medication-Safety-Tips-Infographic.png\" target=\"_blank\" rel=\"noreferrer noopener\">Descargar versi\u00f3n en espa\u00f1ol<\/a><\/div>\n","protected":false},"excerpt":{"rendered":"<p>La hoja Consejos de seguridad de medicamentos, desarrollada con Arizona Poison and Drug Information Center, ayuda a prevenir errores y destaca los riesgos de suplementos en embarazo y lactancia.<\/p>\n<div class=\"wp-block-button\"><a class=\"wp-block-button__link wp-element-button\" href=\"\/wp-content\/uploads\/2025\/02\/MTB-Branded-2_3_Full-Page-Medication-Safety-Tips-Infographic.pdf\" target=\"_blank\" rel=\"noreferrer noopener\">Descargar versi\u00f3n en ingl\u00e9s<\/a><\/div>\n<div class=\"wp-block-button\"><a class=\"wp-block-button__link wp-element-button\" href=\"\/wp-content\/uploads\/2025\/06\/2_3_Spanish_Full-Page-Medication-Safety-Tips-Infographic.png\" target=\"_blank\" rel=\"noreferrer noopener\">Descargar versi\u00f3n en espa\u00f1ol<\/a><\/div>\n","protected":false},"featured_media":17034,"comment_status":"closed","ping_status":"closed","template":"","meta":{"_searchwp_excluded":"","_genesis_hide_title":false,"_genesis_hide_breadcrumbs":false,"_genesis_hide_singular_image":false,"_genesis_hide_footer_widgets":false,"_genesis_custom_body_class":"","_genesis_custom_post_class":"","_genesis_layout":""},"product_brand":[],"product_cat":[1689],"product_tag":[],"class_list":{"0":"post-17068","1":"product","2":"type-product","3":"status-publish","4":"has-post-thumbnail","6":"product_cat-educational-materials-es","7":"entry","9":"first","10":"instock","11":"shipping-taxable","12":"purchasable","13":"product-type-simple"},"group_of_quantity":0,"min_quantity":0,"max_quantity":"","exclude_order_quantity_value_rules":"no","exclude_category_quantity_rules":"no","combine_variations":"no","yoast_head":"<!-- This site is optimized with the Yoast SEO Premium plugin v20.13 (Yoast SEO v20.13) - https:\/\/yoast.com\/wordpress\/plugins\/seo\/ -->\n<title>Consejos de medicamentos - MotherToBaby<\/title>\n<meta name=\"robots\" content=\"index, follow, max-snippet:-1, max-image-preview:large, max-video-preview:-1\" \/>\n<link rel=\"canonical\" href=\"https:\/\/mothertobaby.org\/es\/product\/consejos-de-medicamentos\/\" \/>\n<meta property=\"og:locale\" content=\"es_ES\" \/>\n<meta property=\"og:type\" content=\"article\" \/>\n<meta property=\"og:title\" content=\"Consejos de medicamentos\" \/>\n<meta property=\"og:description\" content=\"La hoja Consejos de seguridad de medicamentos, desarrollada con Arizona Poison and Drug Information Center, ayuda a prevenir errores y destaca los riesgos de suplementos en embarazo y lactancia. Descargar versi\u00f3n en ingl\u00e9s Descargar versi\u00f3n en espa\u00f1ol\" \/>\n<meta property=\"og:url\" content=\"https:\/\/mothertobaby.org\/es\/product\/consejos-de-medicamentos\/\" \/>\n<meta property=\"og:site_name\" content=\"MotherToBaby\" \/>\n<meta property=\"og:image\" content=\"https:\/\/mothertobaby.org\/wp-content\/uploads\/2026\/03\/medication-safety-tips-en.jpg\" \/>\n\t<meta property=\"og:image:width\" content=\"720\" \/>\n\t<meta property=\"og:image:height\" content=\"720\" \/>\n\t<meta property=\"og:image:type\" content=\"image\/jpeg\" \/>\n<meta name=\"twitter:card\" content=\"summary_large_image\" \/>\n<meta name=\"twitter:label1\" content=\"Tiempo de lectura\" \/>\n\t<meta name=\"twitter:data1\" content=\"1 minuto\" \/>\n<script type=\"application\/ld+json\" class=\"yoast-schema-graph\">{\"@context\":\"https:\/\/schema.org\",\"@graph\":[{\"@type\":\"WebPage\",\"@id\":\"https:\/\/mothertobaby.org\/es\/product\/consejos-de-medicamentos\/\",\"url\":\"https:\/\/mothertobaby.org\/es\/product\/consejos-de-medicamentos\/\",\"name\":\"Consejos de medicamentos - MotherToBaby\",\"isPartOf\":{\"@id\":\"https:\/\/mothertobaby.org\/es\/#website\"},\"datePublished\":\"2026-03-16T23:21:44+00:00\",\"dateModified\":\"2026-03-16T23:21:44+00:00\",\"breadcrumb\":{\"@id\":\"https:\/\/mothertobaby.org\/es\/product\/consejos-de-medicamentos\/#breadcrumb\"},\"inLanguage\":\"es\",\"potentialAction\":[{\"@type\":\"ReadAction\",\"target\":[\"https:\/\/mothertobaby.org\/es\/product\/consejos-de-medicamentos\/\"]}]},{\"@type\":\"BreadcrumbList\",\"@id\":\"https:\/\/mothertobaby.org\/es\/product\/consejos-de-medicamentos\/#breadcrumb\",\"itemListElement\":[{\"@type\":\"ListItem\",\"position\":1,\"name\":\"Home\",\"item\":\"https:\/\/mothertobaby.org\/es\/\"},{\"@type\":\"ListItem\",\"position\":2,\"name\":\"Productos\",\"item\":\"https:\/\/mothertobaby.org\/es\/shop\/\"},{\"@type\":\"ListItem\",\"position\":3,\"name\":\"Consejos de medicamentos\"}]},{\"@type\":\"WebSite\",\"@id\":\"https:\/\/mothertobaby.org\/es\/#website\",\"url\":\"https:\/\/mothertobaby.org\/es\/\",\"name\":\"MotherToBaby\",\"description\":\"Medications and More during pregnancy and breastfeeding\",\"publisher\":{\"@id\":\"https:\/\/mothertobaby.org\/es\/#organization\"},\"potentialAction\":[{\"@type\":\"SearchAction\",\"target\":{\"@type\":\"EntryPoint\",\"urlTemplate\":\"https:\/\/mothertobaby.org\/es\/?s={search_term_string}\"},\"query-input\":\"required name=search_term_string\"}],\"inLanguage\":\"es\"},{\"@type\":\"Organization\",\"@id\":\"https:\/\/mothertobaby.org\/es\/#organization\",\"name\":\"MotherToBaby\",\"url\":\"https:\/\/mothertobaby.org\/es\/\",\"logo\":{\"@type\":\"ImageObject\",\"inLanguage\":\"es\",\"@id\":\"https:\/\/mothertobaby.org\/es\/#\/schema\/logo\/image\/\",\"url\":\"https:\/\/mothertobaby.org\/wp-content\/uploads\/2023\/06\/MTB-horz-copyright-sm-1.png\",\"contentUrl\":\"https:\/\/mothertobaby.org\/wp-content\/uploads\/2023\/06\/MTB-horz-copyright-sm-1.png\",\"width\":284,\"height\":52,\"caption\":\"MotherToBaby\"},\"image\":{\"@id\":\"https:\/\/mothertobaby.org\/es\/#\/schema\/logo\/image\/\"}}]}<\/script>\n<!-- \/ Yoast SEO Premium plugin. -->","yoast_head_json":{"title":"Consejos de medicamentos - MotherToBaby","robots":{"index":"index","follow":"follow","max-snippet":"max-snippet:-1","max-image-preview":"max-image-preview:large","max-video-preview":"max-video-preview:-1"},"canonical":"https:\/\/mothertobaby.org\/es\/product\/consejos-de-medicamentos\/","og_locale":"es_ES","og_type":"article","og_title":"Consejos de medicamentos","og_description":"La hoja Consejos de seguridad de medicamentos, desarrollada con Arizona Poison and Drug Information Center, ayuda a prevenir errores y destaca los riesgos de suplementos en embarazo y lactancia. Descargar versi\u00f3n en ingl\u00e9s Descargar versi\u00f3n en espa\u00f1ol","og_url":"https:\/\/mothertobaby.org\/es\/product\/consejos-de-medicamentos\/","og_site_name":"MotherToBaby","og_image":[{"width":720,"height":720,"url":"https:\/\/mothertobaby.org\/wp-content\/uploads\/2026\/03\/medication-safety-tips-en.jpg","type":"image\/jpeg"}],"twitter_card":"summary_large_image","twitter_misc":{"Tiempo de lectura":"1 minuto"},"schema":{"@context":"https:\/\/schema.org","@graph":[{"@type":"WebPage","@id":"https:\/\/mothertobaby.org\/es\/product\/consejos-de-medicamentos\/","url":"https:\/\/mothertobaby.org\/es\/product\/consejos-de-medicamentos\/","name":"Consejos de medicamentos - MotherToBaby","isPartOf":{"@id":"https:\/\/mothertobaby.org\/es\/#website"},"datePublished":"2026-03-16T23:21:44+00:00","dateModified":"2026-03-16T23:21:44+00:00","breadcrumb":{"@id":"https:\/\/mothertobaby.org\/es\/product\/consejos-de-medicamentos\/#breadcrumb"},"inLanguage":"es","potentialAction":[{"@type":"ReadAction","target":["https:\/\/mothertobaby.org\/es\/product\/consejos-de-medicamentos\/"]}]},{"@type":"BreadcrumbList","@id":"https:\/\/mothertobaby.org\/es\/product\/consejos-de-medicamentos\/#breadcrumb","itemListElement":[{"@type":"ListItem","position":1,"name":"Home","item":"https:\/\/mothertobaby.org\/es\/"},{"@type":"ListItem","position":2,"name":"Productos","item":"https:\/\/mothertobaby.org\/es\/shop\/"},{"@type":"ListItem","position":3,"name":"Consejos de medicamentos"}]},{"@type":"WebSite","@id":"https:\/\/mothertobaby.org\/es\/#website","url":"https:\/\/mothertobaby.org\/es\/","name":"MotherToBaby","description":"Medications and More during pregnancy and breastfeeding","publisher":{"@id":"https:\/\/mothertobaby.org\/es\/#organization"},"potentialAction":[{"@type":"SearchAction","target":{"@type":"EntryPoint","urlTemplate":"https:\/\/mothertobaby.org\/es\/?s={search_term_string}"},"query-input":"required name=search_term_string"}],"inLanguage":"es"},{"@type":"Organization","@id":"https:\/\/mothertobaby.org\/es\/#organization","name":"MotherToBaby","url":"https:\/\/mothertobaby.org\/es\/","logo":{"@type":"ImageObject","inLanguage":"es","@id":"https:\/\/mothertobaby.org\/es\/#\/schema\/logo\/image\/","url":"https:\/\/mothertobaby.org\/wp-content\/uploads\/2023\/06\/MTB-horz-copyright-sm-1.png","contentUrl":"https:\/\/mothertobaby.org\/wp-content\/uploads\/2023\/06\/MTB-horz-copyright-sm-1.png","width":284,"height":52,"caption":"MotherToBaby"},"image":{"@id":"https:\/\/mothertobaby.org\/es\/#\/schema\/logo\/image\/"}}]}},"_links":{"self":[{"href":"https:\/\/mothertobaby.org\/es\/wp-json\/wp\/v2\/product\/17068","targetHints":{"allow":["GET"]}}],"collection":[{"href":"https:\/\/mothertobaby.org\/es\/wp-json\/wp\/v2\/product"}],"about":[{"href":"https:\/\/mothertobaby.org\/es\/wp-json\/wp\/v2\/types\/product"}],"replies":[{"embeddable":true,"href":"https:\/\/mothertobaby.org\/es\/wp-json\/wp\/v2\/comments?post=17068"}],"wp:featuredmedia":[{"embeddable":true,"href":"https:\/\/mothertobaby.org\/es\/wp-json\/wp\/v2\/media\/17034"}],"wp:attachment":[{"href":"https:\/\/mothertobaby.org\/es\/wp-json\/wp\/v2\/media?parent=17068"}],"wp:term":[{"taxonomy":"product_brand","embeddable":true,"href":"https:\/\/mothertobaby.org\/es\/wp-json\/wp\/v2\/product_brand?post=17068"},{"taxonomy":"product_cat","embeddable":true,"href":"https:\/\/mothertobaby.org\/es\/wp-json\/wp\/v2\/product_cat?post=17068"},{"taxonomy":"product_tag","embeddable":true,"href":"https:\/\/mothertobaby.org\/es\/wp-json\/wp\/v2\/product_tag?post=17068"}],"curies":[{"name":"wp","href":"https:\/\/api.w.org\/{rel}","templated":true}]}}