{"id":6673,"date":"2022-05-18T11:28:09","date_gmt":"2022-05-18T18:28:09","guid":{"rendered":"https:\/\/mothertobaby.org\/product\/tarjeta-para-referir-pacientes-mothertobaby-california\/"},"modified":"2024-08-21T14:01:39","modified_gmt":"2024-08-21T21:01:39","slug":"tarjeta-para-referir-pacientes-mothertobaby-california","status":"publish","type":"product","link":"https:\/\/mothertobaby.org\/es\/product\/tarjeta-para-referir-pacientes-mothertobaby-california\/","title":{"rendered":"Tarjeta para Referir Pacientes-MotherToBaby California"},"content":{"rendered":"","protected":false},"excerpt":{"rendered":"<p>Tarjetas de referencia que los profesionales de salud pueden compartir con sus pacientes para informaci\u00f3n sobre los estudios de embarazo observacionales de MotherToBaby.<br \/>\nDisponibles en ingl\u00e9s y espa\u00f1ol. (3.5 x 2 pulg.)<\/p>\n","protected":false},"featured_media":5934,"comment_status":"closed","ping_status":"closed","template":"","meta":{"_searchwp_excluded":"","_genesis_hide_title":false,"_genesis_hide_breadcrumbs":false,"_genesis_hide_singular_image":false,"_genesis_hide_footer_widgets":false,"_genesis_custom_body_class":"","_genesis_custom_post_class":"","_genesis_layout":""},"product_brand":[],"product_cat":[1160],"product_tag":[],"class_list":{"0":"post-6673","1":"product","2":"type-product","3":"status-publish","4":"has-post-thumbnail","6":"product_cat-california-only-es","7":"entry","9":"first","10":"instock","11":"shipping-taxable","12":"purchasable","13":"product-type-variable"},"group_of_quantity":0,"min_quantity":0,"max_quantity":300,"exclude_order_quantity_value_rules":"no","exclude_category_quantity_rules":"no","combine_variations":"no","yoast_head":"<!-- This site is optimized with the Yoast SEO Premium plugin v20.13 (Yoast SEO v20.13) - https:\/\/yoast.com\/wordpress\/plugins\/seo\/ -->\n<title>Tarjeta para Referir Pacientes-MotherToBaby California - MotherToBaby<\/title>\n<meta name=\"robots\" content=\"index, follow, max-snippet:-1, max-image-preview:large, max-video-preview:-1\" \/>\n<link rel=\"canonical\" href=\"https:\/\/mothertobaby.org\/es\/product\/tarjeta-para-referir-pacientes-mothertobaby-california\/\" \/>\n<meta property=\"og:locale\" content=\"es_ES\" \/>\n<meta property=\"og:type\" content=\"article\" \/>\n<meta property=\"og:title\" content=\"Tarjeta para Referir Pacientes-MotherToBaby California\" \/>\n<meta property=\"og:description\" content=\"Tarjetas de referencia que los profesionales de salud pueden compartir con sus pacientes para informaci\u00f3n sobre los estudios de embarazo observacionales de MotherToBaby. Disponibles en ingl\u00e9s y espa\u00f1ol. (3.5 x 2 pulg.)\" \/>\n<meta property=\"og:url\" content=\"https:\/\/mothertobaby.org\/es\/product\/tarjeta-para-referir-pacientes-mothertobaby-california\/\" \/>\n<meta property=\"og:site_name\" content=\"MotherToBaby\" \/>\n<meta property=\"article:modified_time\" content=\"2024-08-21T21:01:39+00:00\" \/>\n<meta property=\"og:image\" content=\"https:\/\/mothertobaby.org\/wp-content\/uploads\/2022\/05\/MTBCARefCard-Eng.jpg\" \/>\n\t<meta property=\"og:image:width\" content=\"720\" \/>\n\t<meta property=\"og:image:height\" content=\"720\" \/>\n\t<meta property=\"og:image:type\" content=\"image\/jpeg\" \/>\n<meta name=\"twitter:card\" content=\"summary_large_image\" \/>\n<script type=\"application\/ld+json\" class=\"yoast-schema-graph\">{\"@context\":\"https:\/\/schema.org\",\"@graph\":[{\"@type\":\"WebPage\",\"@id\":\"https:\/\/mothertobaby.org\/es\/product\/tarjeta-para-referir-pacientes-mothertobaby-california\/\",\"url\":\"https:\/\/mothertobaby.org\/es\/product\/tarjeta-para-referir-pacientes-mothertobaby-california\/\",\"name\":\"Tarjeta para Referir Pacientes-MotherToBaby California - MotherToBaby\",\"isPartOf\":{\"@id\":\"https:\/\/mothertobaby.org\/es\/#website\"},\"datePublished\":\"2022-05-18T18:28:09+00:00\",\"dateModified\":\"2024-08-21T21:01:39+00:00\",\"breadcrumb\":{\"@id\":\"https:\/\/mothertobaby.org\/es\/product\/tarjeta-para-referir-pacientes-mothertobaby-california\/#breadcrumb\"},\"inLanguage\":\"es\",\"potentialAction\":[{\"@type\":\"ReadAction\",\"target\":[\"https:\/\/mothertobaby.org\/es\/product\/tarjeta-para-referir-pacientes-mothertobaby-california\/\"]}]},{\"@type\":\"BreadcrumbList\",\"@id\":\"https:\/\/mothertobaby.org\/es\/product\/tarjeta-para-referir-pacientes-mothertobaby-california\/#breadcrumb\",\"itemListElement\":[{\"@type\":\"ListItem\",\"position\":1,\"name\":\"Home\",\"item\":\"https:\/\/mothertobaby.org\/es\/\"},{\"@type\":\"ListItem\",\"position\":2,\"name\":\"Productos\",\"item\":\"https:\/\/mothertobaby.org\/es\/shop\/\"},{\"@type\":\"ListItem\",\"position\":3,\"name\":\"Tarjeta para Referir Pacientes-MotherToBaby California\"}]},{\"@type\":\"WebSite\",\"@id\":\"https:\/\/mothertobaby.org\/es\/#website\",\"url\":\"https:\/\/mothertobaby.org\/es\/\",\"name\":\"MotherToBaby\",\"description\":\"Medications and More during pregnancy and breastfeeding\",\"publisher\":{\"@id\":\"https:\/\/mothertobaby.org\/es\/#organization\"},\"potentialAction\":[{\"@type\":\"SearchAction\",\"target\":{\"@type\":\"EntryPoint\",\"urlTemplate\":\"https:\/\/mothertobaby.org\/es\/?s={search_term_string}\"},\"query-input\":\"required name=search_term_string\"}],\"inLanguage\":\"es\"},{\"@type\":\"Organization\",\"@id\":\"https:\/\/mothertobaby.org\/es\/#organization\",\"name\":\"MotherToBaby\",\"url\":\"https:\/\/mothertobaby.org\/es\/\",\"logo\":{\"@type\":\"ImageObject\",\"inLanguage\":\"es\",\"@id\":\"https:\/\/mothertobaby.org\/es\/#\/schema\/logo\/image\/\",\"url\":\"https:\/\/mothertobaby.org\/wp-content\/uploads\/2023\/06\/MTB-horz-copyright-sm-1.png\",\"contentUrl\":\"https:\/\/mothertobaby.org\/wp-content\/uploads\/2023\/06\/MTB-horz-copyright-sm-1.png\",\"width\":284,\"height\":52,\"caption\":\"MotherToBaby\"},\"image\":{\"@id\":\"https:\/\/mothertobaby.org\/es\/#\/schema\/logo\/image\/\"}}]}<\/script>\n<!-- \/ Yoast SEO Premium plugin. -->","yoast_head_json":{"title":"Tarjeta para Referir Pacientes-MotherToBaby California - MotherToBaby","robots":{"index":"index","follow":"follow","max-snippet":"max-snippet:-1","max-image-preview":"max-image-preview:large","max-video-preview":"max-video-preview:-1"},"canonical":"https:\/\/mothertobaby.org\/es\/product\/tarjeta-para-referir-pacientes-mothertobaby-california\/","og_locale":"es_ES","og_type":"article","og_title":"Tarjeta para Referir Pacientes-MotherToBaby California","og_description":"Tarjetas de referencia que los profesionales de salud pueden compartir con sus pacientes para informaci\u00f3n sobre los estudios de embarazo observacionales de MotherToBaby. Disponibles en ingl\u00e9s y espa\u00f1ol. (3.5 x 2 pulg.)","og_url":"https:\/\/mothertobaby.org\/es\/product\/tarjeta-para-referir-pacientes-mothertobaby-california\/","og_site_name":"MotherToBaby","article_modified_time":"2024-08-21T21:01:39+00:00","og_image":[{"width":720,"height":720,"url":"https:\/\/mothertobaby.org\/wp-content\/uploads\/2022\/05\/MTBCARefCard-Eng.jpg","type":"image\/jpeg"}],"twitter_card":"summary_large_image","schema":{"@context":"https:\/\/schema.org","@graph":[{"@type":"WebPage","@id":"https:\/\/mothertobaby.org\/es\/product\/tarjeta-para-referir-pacientes-mothertobaby-california\/","url":"https:\/\/mothertobaby.org\/es\/product\/tarjeta-para-referir-pacientes-mothertobaby-california\/","name":"Tarjeta para Referir Pacientes-MotherToBaby California - MotherToBaby","isPartOf":{"@id":"https:\/\/mothertobaby.org\/es\/#website"},"datePublished":"2022-05-18T18:28:09+00:00","dateModified":"2024-08-21T21:01:39+00:00","breadcrumb":{"@id":"https:\/\/mothertobaby.org\/es\/product\/tarjeta-para-referir-pacientes-mothertobaby-california\/#breadcrumb"},"inLanguage":"es","potentialAction":[{"@type":"ReadAction","target":["https:\/\/mothertobaby.org\/es\/product\/tarjeta-para-referir-pacientes-mothertobaby-california\/"]}]},{"@type":"BreadcrumbList","@id":"https:\/\/mothertobaby.org\/es\/product\/tarjeta-para-referir-pacientes-mothertobaby-california\/#breadcrumb","itemListElement":[{"@type":"ListItem","position":1,"name":"Home","item":"https:\/\/mothertobaby.org\/es\/"},{"@type":"ListItem","position":2,"name":"Productos","item":"https:\/\/mothertobaby.org\/es\/shop\/"},{"@type":"ListItem","position":3,"name":"Tarjeta para Referir Pacientes-MotherToBaby California"}]},{"@type":"WebSite","@id":"https:\/\/mothertobaby.org\/es\/#website","url":"https:\/\/mothertobaby.org\/es\/","name":"MotherToBaby","description":"Medications and More during pregnancy and breastfeeding","publisher":{"@id":"https:\/\/mothertobaby.org\/es\/#organization"},"potentialAction":[{"@type":"SearchAction","target":{"@type":"EntryPoint","urlTemplate":"https:\/\/mothertobaby.org\/es\/?s={search_term_string}"},"query-input":"required name=search_term_string"}],"inLanguage":"es"},{"@type":"Organization","@id":"https:\/\/mothertobaby.org\/es\/#organization","name":"MotherToBaby","url":"https:\/\/mothertobaby.org\/es\/","logo":{"@type":"ImageObject","inLanguage":"es","@id":"https:\/\/mothertobaby.org\/es\/#\/schema\/logo\/image\/","url":"https:\/\/mothertobaby.org\/wp-content\/uploads\/2023\/06\/MTB-horz-copyright-sm-1.png","contentUrl":"https:\/\/mothertobaby.org\/wp-content\/uploads\/2023\/06\/MTB-horz-copyright-sm-1.png","width":284,"height":52,"caption":"MotherToBaby"},"image":{"@id":"https:\/\/mothertobaby.org\/es\/#\/schema\/logo\/image\/"}}]}},"_links":{"self":[{"href":"https:\/\/mothertobaby.org\/es\/wp-json\/wp\/v2\/product\/6673","targetHints":{"allow":["GET"]}}],"collection":[{"href":"https:\/\/mothertobaby.org\/es\/wp-json\/wp\/v2\/product"}],"about":[{"href":"https:\/\/mothertobaby.org\/es\/wp-json\/wp\/v2\/types\/product"}],"replies":[{"embeddable":true,"href":"https:\/\/mothertobaby.org\/es\/wp-json\/wp\/v2\/comments?post=6673"}],"wp:featuredmedia":[{"embeddable":true,"href":"https:\/\/mothertobaby.org\/es\/wp-json\/wp\/v2\/media\/5934"}],"wp:attachment":[{"href":"https:\/\/mothertobaby.org\/es\/wp-json\/wp\/v2\/media?parent=6673"}],"wp:term":[{"taxonomy":"product_brand","embeddable":true,"href":"https:\/\/mothertobaby.org\/es\/wp-json\/wp\/v2\/product_brand?post=6673"},{"taxonomy":"product_cat","embeddable":true,"href":"https:\/\/mothertobaby.org\/es\/wp-json\/wp\/v2\/product_cat?post=6673"},{"taxonomy":"product_tag","embeddable":true,"href":"https:\/\/mothertobaby.org\/es\/wp-json\/wp\/v2\/product_tag?post=6673"}],"curies":[{"name":"wp","href":"https:\/\/api.w.org\/{rel}","templated":true}]}}