{"id":6680,"date":"2022-05-18T11:28:07","date_gmt":"2022-05-18T18:28:07","guid":{"rendered":"https:\/\/mothertobaby.org\/product\/folleto-para-pacientes\/"},"modified":"2024-08-21T14:10:28","modified_gmt":"2024-08-21T21:10:28","slug":"folleto-para-pacientes","status":"publish","type":"product","link":"https:\/\/mothertobaby.org\/es\/product\/folleto-para-pacientes\/","title":{"rendered":"Folleto para Pacientes &#8211; Estudios de Embarazo MotherToBaby"},"content":{"rendered":"","protected":false},"excerpt":{"rendered":"<p>Un folleto para pacientes que describe el servicio de informaci\u00f3n gratuito y los estudios de investigaci\u00f3n observacionales de MotherToBaby. El interior del folleto incluye una gr\u00e1fica de desarrollo fetal, que viene del P\u00f3ster de Desarrollo Fetal. Disponible empaquetado en cantidades de 25. (3.5 x 8.5pulg. doblados)<\/p>\n","protected":false},"featured_media":5859,"comment_status":"closed","ping_status":"closed","template":"","meta":{"_searchwp_excluded":"","_genesis_hide_title":false,"_genesis_hide_breadcrumbs":false,"_genesis_hide_singular_image":false,"_genesis_hide_footer_widgets":false,"_genesis_custom_body_class":"","_genesis_custom_post_class":"","_genesis_layout":""},"product_brand":[],"product_cat":[1158,1157],"product_tag":[],"class_list":{"0":"post-6680","1":"product","2":"type-product","3":"status-publish","4":"has-post-thumbnail","6":"product_cat-materials-for-patients-es","7":"product_cat-otis-all-es","8":"entry","10":"first","11":"instock","12":"shipping-taxable","13":"purchasable","14":"product-type-variable"},"group_of_quantity":0,"min_quantity":0,"max_quantity":300,"exclude_order_quantity_value_rules":"no","exclude_category_quantity_rules":"no","combine_variations":"no","yoast_head":"<!-- This site is optimized with the Yoast SEO Premium plugin v20.13 (Yoast SEO v20.13) - https:\/\/yoast.com\/wordpress\/plugins\/seo\/ -->\n<title>Folleto para Pacientes - Estudios de Embarazo MotherToBaby - MotherToBaby<\/title>\n<meta name=\"robots\" content=\"index, follow, max-snippet:-1, max-image-preview:large, max-video-preview:-1\" \/>\n<link rel=\"canonical\" href=\"https:\/\/mothertobaby.org\/es\/product\/folleto-para-pacientes\/\" \/>\n<meta property=\"og:locale\" content=\"es_ES\" \/>\n<meta property=\"og:type\" content=\"article\" \/>\n<meta property=\"og:title\" content=\"Folleto para Pacientes - Estudios de Embarazo MotherToBaby\" \/>\n<meta property=\"og:description\" content=\"Un folleto para pacientes que describe el servicio de informaci\u00f3n gratuito y los estudios de investigaci\u00f3n observacionales de MotherToBaby. El interior del folleto incluye una gr\u00e1fica de desarrollo fetal, que viene del P\u00f3ster de Desarrollo Fetal. Disponible empaquetado en cantidades de 25. (3.5 x 8.5pulg. doblados)\" \/>\n<meta property=\"og:url\" content=\"https:\/\/mothertobaby.org\/es\/product\/folleto-para-pacientes\/\" \/>\n<meta property=\"og:site_name\" content=\"MotherToBaby\" \/>\n<meta property=\"article:modified_time\" content=\"2024-08-21T21:10:28+00:00\" \/>\n<meta name=\"twitter:card\" content=\"summary_large_image\" \/>\n<script type=\"application\/ld+json\" class=\"yoast-schema-graph\">{\"@context\":\"https:\/\/schema.org\",\"@graph\":[{\"@type\":\"WebPage\",\"@id\":\"https:\/\/mothertobaby.org\/es\/product\/folleto-para-pacientes\/\",\"url\":\"https:\/\/mothertobaby.org\/es\/product\/folleto-para-pacientes\/\",\"name\":\"Folleto para Pacientes - Estudios de Embarazo MotherToBaby - MotherToBaby\",\"isPartOf\":{\"@id\":\"https:\/\/mothertobaby.org\/es\/#website\"},\"datePublished\":\"2022-05-18T18:28:07+00:00\",\"dateModified\":\"2024-08-21T21:10:28+00:00\",\"breadcrumb\":{\"@id\":\"https:\/\/mothertobaby.org\/es\/product\/folleto-para-pacientes\/#breadcrumb\"},\"inLanguage\":\"es\",\"potentialAction\":[{\"@type\":\"ReadAction\",\"target\":[\"https:\/\/mothertobaby.org\/es\/product\/folleto-para-pacientes\/\"]}]},{\"@type\":\"BreadcrumbList\",\"@id\":\"https:\/\/mothertobaby.org\/es\/product\/folleto-para-pacientes\/#breadcrumb\",\"itemListElement\":[{\"@type\":\"ListItem\",\"position\":1,\"name\":\"Home\",\"item\":\"https:\/\/mothertobaby.org\/es\/\"},{\"@type\":\"ListItem\",\"position\":2,\"name\":\"Productos\",\"item\":\"https:\/\/mothertobaby.org\/es\/shop\/\"},{\"@type\":\"ListItem\",\"position\":3,\"name\":\"Folleto para Pacientes &#8211; Estudios de Embarazo MotherToBaby\"}]},{\"@type\":\"WebSite\",\"@id\":\"https:\/\/mothertobaby.org\/es\/#website\",\"url\":\"https:\/\/mothertobaby.org\/es\/\",\"name\":\"MotherToBaby\",\"description\":\"Medications and More during pregnancy and breastfeeding\",\"publisher\":{\"@id\":\"https:\/\/mothertobaby.org\/es\/#organization\"},\"potentialAction\":[{\"@type\":\"SearchAction\",\"target\":{\"@type\":\"EntryPoint\",\"urlTemplate\":\"https:\/\/mothertobaby.org\/es\/?s={search_term_string}\"},\"query-input\":\"required name=search_term_string\"}],\"inLanguage\":\"es\"},{\"@type\":\"Organization\",\"@id\":\"https:\/\/mothertobaby.org\/es\/#organization\",\"name\":\"MotherToBaby\",\"url\":\"https:\/\/mothertobaby.org\/es\/\",\"logo\":{\"@type\":\"ImageObject\",\"inLanguage\":\"es\",\"@id\":\"https:\/\/mothertobaby.org\/es\/#\/schema\/logo\/image\/\",\"url\":\"https:\/\/mothertobaby.org\/wp-content\/uploads\/2023\/06\/MTB-horz-copyright-sm-1.png\",\"contentUrl\":\"https:\/\/mothertobaby.org\/wp-content\/uploads\/2023\/06\/MTB-horz-copyright-sm-1.png\",\"width\":284,\"height\":52,\"caption\":\"MotherToBaby\"},\"image\":{\"@id\":\"https:\/\/mothertobaby.org\/es\/#\/schema\/logo\/image\/\"}}]}<\/script>\n<!-- \/ Yoast SEO Premium plugin. -->","yoast_head_json":{"title":"Folleto para Pacientes - Estudios de Embarazo MotherToBaby - MotherToBaby","robots":{"index":"index","follow":"follow","max-snippet":"max-snippet:-1","max-image-preview":"max-image-preview:large","max-video-preview":"max-video-preview:-1"},"canonical":"https:\/\/mothertobaby.org\/es\/product\/folleto-para-pacientes\/","og_locale":"es_ES","og_type":"article","og_title":"Folleto para Pacientes - Estudios de Embarazo MotherToBaby","og_description":"Un folleto para pacientes que describe el servicio de informaci\u00f3n gratuito y los estudios de investigaci\u00f3n observacionales de MotherToBaby. El interior del folleto incluye una gr\u00e1fica de desarrollo fetal, que viene del P\u00f3ster de Desarrollo Fetal. Disponible empaquetado en cantidades de 25. (3.5 x 8.5pulg. doblados)","og_url":"https:\/\/mothertobaby.org\/es\/product\/folleto-para-pacientes\/","og_site_name":"MotherToBaby","article_modified_time":"2024-08-21T21:10:28+00:00","twitter_card":"summary_large_image","schema":{"@context":"https:\/\/schema.org","@graph":[{"@type":"WebPage","@id":"https:\/\/mothertobaby.org\/es\/product\/folleto-para-pacientes\/","url":"https:\/\/mothertobaby.org\/es\/product\/folleto-para-pacientes\/","name":"Folleto para Pacientes - Estudios de Embarazo MotherToBaby - MotherToBaby","isPartOf":{"@id":"https:\/\/mothertobaby.org\/es\/#website"},"datePublished":"2022-05-18T18:28:07+00:00","dateModified":"2024-08-21T21:10:28+00:00","breadcrumb":{"@id":"https:\/\/mothertobaby.org\/es\/product\/folleto-para-pacientes\/#breadcrumb"},"inLanguage":"es","potentialAction":[{"@type":"ReadAction","target":["https:\/\/mothertobaby.org\/es\/product\/folleto-para-pacientes\/"]}]},{"@type":"BreadcrumbList","@id":"https:\/\/mothertobaby.org\/es\/product\/folleto-para-pacientes\/#breadcrumb","itemListElement":[{"@type":"ListItem","position":1,"name":"Home","item":"https:\/\/mothertobaby.org\/es\/"},{"@type":"ListItem","position":2,"name":"Productos","item":"https:\/\/mothertobaby.org\/es\/shop\/"},{"@type":"ListItem","position":3,"name":"Folleto para Pacientes &#8211; Estudios de Embarazo MotherToBaby"}]},{"@type":"WebSite","@id":"https:\/\/mothertobaby.org\/es\/#website","url":"https:\/\/mothertobaby.org\/es\/","name":"MotherToBaby","description":"Medications and More during pregnancy and breastfeeding","publisher":{"@id":"https:\/\/mothertobaby.org\/es\/#organization"},"potentialAction":[{"@type":"SearchAction","target":{"@type":"EntryPoint","urlTemplate":"https:\/\/mothertobaby.org\/es\/?s={search_term_string}"},"query-input":"required name=search_term_string"}],"inLanguage":"es"},{"@type":"Organization","@id":"https:\/\/mothertobaby.org\/es\/#organization","name":"MotherToBaby","url":"https:\/\/mothertobaby.org\/es\/","logo":{"@type":"ImageObject","inLanguage":"es","@id":"https:\/\/mothertobaby.org\/es\/#\/schema\/logo\/image\/","url":"https:\/\/mothertobaby.org\/wp-content\/uploads\/2023\/06\/MTB-horz-copyright-sm-1.png","contentUrl":"https:\/\/mothertobaby.org\/wp-content\/uploads\/2023\/06\/MTB-horz-copyright-sm-1.png","width":284,"height":52,"caption":"MotherToBaby"},"image":{"@id":"https:\/\/mothertobaby.org\/es\/#\/schema\/logo\/image\/"}}]}},"_links":{"self":[{"href":"https:\/\/mothertobaby.org\/es\/wp-json\/wp\/v2\/product\/6680","targetHints":{"allow":["GET"]}}],"collection":[{"href":"https:\/\/mothertobaby.org\/es\/wp-json\/wp\/v2\/product"}],"about":[{"href":"https:\/\/mothertobaby.org\/es\/wp-json\/wp\/v2\/types\/product"}],"replies":[{"embeddable":true,"href":"https:\/\/mothertobaby.org\/es\/wp-json\/wp\/v2\/comments?post=6680"}],"wp:featuredmedia":[{"embeddable":true,"href":"https:\/\/mothertobaby.org\/es\/wp-json\/wp\/v2\/media\/5859"}],"wp:attachment":[{"href":"https:\/\/mothertobaby.org\/es\/wp-json\/wp\/v2\/media?parent=6680"}],"wp:term":[{"taxonomy":"product_brand","embeddable":true,"href":"https:\/\/mothertobaby.org\/es\/wp-json\/wp\/v2\/product_brand?post=6680"},{"taxonomy":"product_cat","embeddable":true,"href":"https:\/\/mothertobaby.org\/es\/wp-json\/wp\/v2\/product_cat?post=6680"},{"taxonomy":"product_tag","embeddable":true,"href":"https:\/\/mothertobaby.org\/es\/wp-json\/wp\/v2\/product_tag?post=6680"}],"curies":[{"name":"wp","href":"https:\/\/api.w.org\/{rel}","templated":true}]}}